{"id":5180,"date":"2019-05-01T13:04:58","date_gmt":"2019-05-01T11:04:58","guid":{"rendered":"http:\/\/infra-mince.com\/wp-arch\/es\/?page_id=5180"},"modified":"2022-10-17T19:05:01","modified_gmt":"2022-10-17T17:05:01","slug":"jordi-hernandez-2","status":"publish","type":"page","link":"http:\/\/infra-mince.com\/es\/infra-mince-home-2\/quien\/jordi-hernandez-2\/","title":{"rendered":"Jordi Hern\u00e1ndez"},"content":{"rendered":"<p>[vc_row][vc_column width=\u00bb5\/6&#8243; offset=\u00bbvc_col-lg-8 vc_col-md-12 vc_col-xs-12&#8243;]<div class=\"edgtf-elements-holder   edgtf-one-column  edgtf-responsive-mode-768 \" ><div class=\"edgtf-eh-item    \"  data-item-class=\"edgtf-eh-custom-7524\">\n\t<div class=\"edgtf-eh-item-inner\">\n\t\t<div class=\"edgtf-eh-item-content edgtf-eh-custom-7524\" style=\"padding: 10% 15% 10% 15%\">\n\t\t\t[vc_column_text]<\/p>\n<p>Jordi Hern\u00e1ndez, <em><strong>Arquitecto<\/strong><\/em> por la <strong><em>ETSAB\u00a0(U<\/em><\/strong><span style=\"font-weight: 400;\"><em><strong>PC)<\/strong>\u00a0y\u00a0<strong>M\u00e1ster<\/strong><\/em> en <strong><em>BIM y Dise\u00f1o Integrado<\/em><\/strong> por la\u00a0<strong><em>Universitat de Barcelona UB.<\/em><\/strong><\/span><\/p>\n<hr \/>\n<p>CEO de <span style=\"font-weight: 400;\"><em><strong>INFRA-mINce Parametric Works<\/strong><\/em>, estudio orientado a la creaci\u00f3n de proyectos de arquitectura y dise\u00f1o en base a conseguir los m\u00e1s altos est\u00e1ndares de calidad, optimizaci\u00f3n de la gesti\u00f3n y eficiencia energ\u00e9tica mediante el uso de metodolog\u00edas param\u00e9tricas. En arquitectura y patrimonio se trabaja seg\u00fan sistemas BIM y su variante HBIM. Para instalaciones ef\u00edmeras, mobiliario y objetos mediante dise\u00f1o param\u00e9trico y generativo.<\/span><\/p>\n<hr \/>\n<p><span style=\"font-weight: 400;\">Cofundador de la compa\u00f1\u00eda\u00a0<em><strong>Indissoluble<\/strong>: The Exhibition Factory<\/em>, trabajando desde 1997 hasta 2017 en la realizaci\u00f3n de proyectos de arquitectura, instalaciones ef\u00edmeras y espacios expositivos, desarrollando y aplicando siempre los m\u00e1s recientes sistemas de percepci\u00f3n y relaci\u00f3n del espectador con el entorno: interactividad, multimedia, iluminaci\u00f3n, video-mapping, realidad virtual y aumentada. As\u00ed mismo, produciendo mediante sistemas basados en CAD-CAM, como fresado, corte l\u00e1ser e impresi\u00f3n 3D.<\/span><\/p>\n<hr \/>\n<p><span style=\"font-weight: 400;\">Profesor de Proyectos de Espacios Interactivos en la\u00a0<strong><em>Escola\u00a0edRa<\/em><\/strong>\u00a0de Rub\u00ed, Barcelona, en la unidad formativa <strong><em>Simulaci\u00f3n de Procesos BIM<\/em><\/strong>, aplicando esta metodolog\u00eda en el desarrollo de proyectos transversales de arquitectura y dise\u00f1o de interiores. Tambi\u00e9n incorporando el dise\u00f1o param\u00e9trico y generativo, mediante programaci\u00f3n visual en todo tipo de desarrollos.<\/span><\/p>\n<hr \/>\n<p><span style=\"font-weight: 400;\">Miembro del\u00a0<strong><em>BuildingSMART Spanish Chapter<\/em><\/strong>, asociaci\u00f3n con el objetivo de promover la eficiencia en la construcci\u00f3n a trav\u00e9s del uso de est\u00e1ndares abiertos BIM.\u00a0<\/span><\/p>\n<hr \/>\n<p><span style=\"font-weight: 400;\">Miembro de\u00a0<em><strong>AUS<\/strong>&#8211;<\/em><\/span><i><span style=\"font-weight: 400;\">Arquitectura i Sostenibilitat<\/span><\/i><span style=\"font-weight: 400;\">, agrupaci\u00f3n de arquitectos y profesionales de otras disciplinas orientada a actuar de forma respetuosa con el entorno natural.<\/span><\/p>\n<hr \/>\n<p>Conferenciante y profesor invitado en diversas escuelas de dise\u00f1o y arquitectura, como la <em><strong>ETSAM<\/strong><\/em> en Madrid, <span style=\"font-weight: 400;\"><em><strong>UIC<\/strong><\/em>, <em><strong>IED<\/strong><\/em>, <em><strong>Elisava<\/strong><\/em><\/span> y <span style=\"font-weight: 400;\"><em><strong>ESDAP-Llotja<\/strong><\/em><\/span>\u00a0en Barcelona.<\/p>\n<p>[\/vc_column_text]\t\t<\/div>\n\t<\/div>\n<\/div><\/div>[\/vc_column][\/vc_row]<\/p>\n<p>[vc_row content_width=\u00bbgrid\u00bb animate_rounded_tab=\u00bbyes\u00bb css=\u00bb.vc_custom_1511388195070{padding-top: 103px !important;padding-bottom: 6px !important;}\u00bb][vc_column][vc_column_text]<\/p>\n<p>DEPARTAMENTOS<\/p>\n<p>[\/vc_column_text][vc_empty_space height=\u00bb19px\u00bb][vc_row_inner][vc_column_inner offset=\u00bbvc_col-lg-3 vc_col-md-3&#8243;][vc_column_text]<\/p>\n<p>DIRECCI\u00d3N<\/p>\n<p>Jordi Hern\u00e1ndez. CEO, CIO<\/p>\n<p>jordi@infra-mince.com<\/p>\n<p>[\/vc_column_text][vc_empty_space height=\u00bb40px\u00bb][\/vc_column_inner][vc_column_inner offset=\u00bbvc_col-lg-3 vc_col-md-3&#8243;][vc_column_text]<\/p>\n<p>DISE\u00d1O EXPERIENCIAL<\/p>\n<p>Eva Jim\u00e9nez<\/p>\n<p>eva@infra-mince.om<\/p>\n<p>[\/vc_column_text][vc_empty_space height=\u00bb40px\u00bb][\/vc_column_inner][vc_column_inner offset=\u00bbvc_col-lg-3 vc_col-md-3&#8243;][vc_column_text]<\/p>\n<p>COMUNICACI\u00d3N<\/p>\n<p>Sara J. Rubio<\/p>\n<p>sara@infra-mince.com<\/p>\n<p>[\/vc_column_text][vc_empty_space height=\u00bb40px\u00bb][\/vc_column_inner][vc_column_inner offset=\u00bbvc_col-lg-3 vc_col-md-3&#8243;][vc_column_text]<\/p>\n<p>DESARROLLO<\/p>\n<p>Celia Gonz\u00e1lez<\/p>\n<p>celia@infra-mince.com<\/p>\n<p>[\/vc_column_text][vc_empty_space height=\u00bb40px\u00bb][\/vc_column_inner][\/vc_row_inner][\/vc_column][\/vc_row][vc_row content_width=\u00bbgrid\u00bb animate_rounded_tab=\u00bbyes\u00bb css=\u00bb.vc_custom_1475595541309{padding-bottom: 6px !important;}\u00bb][vc_column][vc_column_text]<\/p>\n<p>PARTNERS<\/p>\n<p>[\/vc_column_text][vc_empty_space height=\u00bb19px\u00bb][vc_row_inner][vc_column_inner offset=\u00bbvc_col-lg-3 vc_col-md-3&#8243;][vc_column_text]<\/p>\n<div class=\"edgtf-single-image-holder   edgtf-image-behavior-custom-link\">\n    <div class=\"edgtf-si-inner\" >\n                                    <img decoding=\"async\" width=\"150\" height=\"150\" src=\"http:\/\/infra-mince.com\/wp-content\/uploads\/2021\/01\/captae_logo-150x150.png\" class=\"attachment-thumbnail size-thumbnail\" alt=\"\" srcset=\"http:\/\/infra-mince.com\/wp-content\/uploads\/2021\/01\/captae_logo-150x150.png 150w, http:\/\/infra-mince.com\/wp-content\/uploads\/2021\/01\/captae_logo.png 300w\" sizes=\"(max-width: 150px) 100vw, 150px\" \/>                                <\/a>\n            <\/div>\n<\/div>\n<p>CAPTAE<\/p>\n<p>Escaneado l\u00e1ser \/ Visualizaci\u00f3n 3D-VFX<\/p>\n<p>captae.com<\/p>\n<p>[\/vc_column_text][vc_empty_space height=\u00bb40px\u00bb][\/vc_column_inner][vc_column_inner offset=\u00bbvc_col-lg-3 vc_col-md-3&#8243;][vc_column_text]<\/p>\n<div class=\"edgtf-single-image-holder   edgtf-image-behavior-custom-link\">\n    <div class=\"edgtf-si-inner\" >\n                                    <img decoding=\"async\" width=\"150\" height=\"150\" src=\"http:\/\/infra-mince.com\/wp-content\/uploads\/2020\/05\/aa-logo-150x150.png\" class=\"attachment-thumbnail size-thumbnail\" alt=\"\" srcset=\"http:\/\/infra-mince.com\/wp-content\/uploads\/2020\/05\/aa-logo-150x150.png 150w, http:\/\/infra-mince.com\/wp-content\/uploads\/2020\/05\/aa-logo.png 300w\" sizes=\"(max-width: 150px) 100vw, 150px\" \/>                                <\/a>\n            <\/div>\n<\/div>\n<p>a&#038;a_expo<\/p>\n<p>Producci\u00f3n \/ Montaje<\/p>\n<p>aaexpo.nl<\/p>\n<p>[\/vc_column_text][vc_empty_space height=\u00bb40px\u00bb][\/vc_column_inner][vc_column_inner offset=\u00bbvc_col-lg-3 vc_col-md-3&#8243;][vc_column_text]<\/p>\n<div class=\"edgtf-single-image-holder   edgtf-image-behavior-custom-link\">\n    <div class=\"edgtf-si-inner\" >\n                                    <img decoding=\"async\" width=\"150\" height=\"150\" src=\"http:\/\/infra-mince.com\/wp-content\/uploads\/2020\/05\/oken-logo-150x150.png\" class=\"attachment-thumbnail size-thumbnail\" alt=\"\" srcset=\"http:\/\/infra-mince.com\/wp-content\/uploads\/2020\/05\/oken-logo-150x150.png 150w, http:\/\/infra-mince.com\/wp-content\/uploads\/2020\/05\/oken-logo.png 300w\" sizes=\"(max-width: 150px) 100vw, 150px\" \/>                                <\/a>\n            <\/div>\n<\/div>\n<p>OKEN<\/p>\n<p>Arquitectura \/ Nuevos materiales \/ Arquitectura saludable<\/p>\n<p>espaioken.com<\/p>\n<p>[\/vc_column_text][vc_empty_space height=\u00bb40px\u00bb][\/vc_column_inner][vc_column_inner offset=\u00bbvc_col-lg-3 vc_col-md-3&#8243;][vc_column_text]<\/p>\n<div class=\"edgtf-single-image-holder   edgtf-image-behavior-custom-link\">\n    <div class=\"edgtf-si-inner\" >\n                                    <img loading=\"lazy\" decoding=\"async\" width=\"150\" height=\"150\" src=\"http:\/\/infra-mince.com\/wp-content\/uploads\/2020\/05\/visivalab-logo-150x150.png\" class=\"attachment-thumbnail size-thumbnail\" alt=\"\" srcset=\"http:\/\/infra-mince.com\/wp-content\/uploads\/2020\/05\/visivalab-logo-150x150.png 150w, http:\/\/infra-mince.com\/wp-content\/uploads\/2020\/05\/visivalab-logo-300x300.png 300w, http:\/\/infra-mince.com\/wp-content\/uploads\/2020\/05\/visivalab-logo.png 368w\" sizes=\"(max-width: 150px) 100vw, 150px\" \/>                                <\/a>\n            <\/div>\n<\/div>\n<p>VISIVALAB<\/p>\n<p>Tecnolog\u00eda \/ Desarrollo Web \/ Programaci\u00f3n<\/p>\n<p>visivalab.com<\/p>\n<p>[\/vc_column_text][vc_empty_space height=\u00bb40px\u00bb][\/vc_column_inner][vc_column_inner offset=\u00bbvc_col-lg-3 vc_col-md-3&#8243;][vc_column_text]<\/p>\n<div class=\"edgtf-single-image-holder   edgtf-image-behavior-custom-link\">\n    <div class=\"edgtf-si-inner\" >\n                                    <img loading=\"lazy\" decoding=\"async\" width=\"150\" height=\"150\" src=\"http:\/\/infra-mince.com\/wp-content\/uploads\/2020\/05\/tigrelab-150x150.png\" class=\"attachment-thumbnail size-thumbnail\" alt=\"\" srcset=\"http:\/\/infra-mince.com\/wp-content\/uploads\/2020\/05\/tigrelab-150x150.png 150w, http:\/\/infra-mince.com\/wp-content\/uploads\/2020\/05\/tigrelab.png 300w\" sizes=\"(max-width: 150px) 100vw, 150px\" \/>                                <\/a>\n            <\/div>\n<\/div>\n<p>TIGRELAB<\/p>\n<p>Contenidos digitales \/ Eventos \/ Escenograf\u00eda<\/p>\n<p>tigrelab.com<\/p>\n<p>[\/vc_column_text][vc_empty_space height=\u00bb40px\u00bb][\/vc_column_inner][vc_column_inner offset=\u00bbvc_col-lg-3 vc_col-md-3&#8243;][vc_column_text]<\/p>\n<div class=\"edgtf-single-image-holder   edgtf-image-behavior-custom-link\">\n    <div class=\"edgtf-si-inner\" >\n                                    <img loading=\"lazy\" decoding=\"async\" width=\"150\" height=\"150\" src=\"http:\/\/infra-mince.com\/wp-content\/uploads\/2020\/05\/logo_7lego-150x150.png\" class=\"attachment-thumbnail size-thumbnail\" alt=\"\" srcset=\"http:\/\/infra-mince.com\/wp-content\/uploads\/2020\/05\/logo_7lego-150x150.png 150w, http:\/\/infra-mince.com\/wp-content\/uploads\/2020\/05\/logo_7lego.png 300w\" sizes=\"(max-width: 150px) 100vw, 150px\" \/>                                <\/a>\n            <\/div>\n<\/div>\n<p>S\u00c8T L\u00c8GO<\/p>\n<p>Museograf\u00eda \/ Interactividad \/ Interiorismo<\/p>\n<p>setlego.fr<\/p>\n<p>[\/vc_column_text][vc_empty_space height=\u00bb40px\u00bb][\/vc_column_inner][vc_column_inner offset=\u00bbvc_col-lg-3 vc_col-md-3&#8243;][vc_column_text]<\/p>\n<div class=\"edgtf-single-image-holder   edgtf-image-behavior-custom-link\">\n    <div class=\"edgtf-si-inner\" >\n                                    <img loading=\"lazy\" decoding=\"async\" width=\"150\" height=\"150\" src=\"http:\/\/infra-mince.com\/wp-content\/uploads\/2020\/05\/paraula-de-vi-logo-150x150.png\" class=\"attachment-thumbnail size-thumbnail\" alt=\"\" srcset=\"http:\/\/infra-mince.com\/wp-content\/uploads\/2020\/05\/paraula-de-vi-logo-150x150.png 150w, http:\/\/infra-mince.com\/wp-content\/uploads\/2020\/05\/paraula-de-vi-logo.png 300w\" sizes=\"(max-width: 150px) 100vw, 150px\" \/>                                <\/a>\n            <\/div>\n<\/div>\n<p>PARAULA DE VI<\/p>\n<p>Arquitectura del vino \/ Eventos \/ Instalaciones<\/p>\n<p>parauladevi.com<\/p>\n<p>[\/vc_column_text][vc_empty_space height=\u00bb40px\u00bb][\/vc_column_inner][\/vc_row_inner][\/vc_column][\/vc_row][vc_row content_width=\u00bbgrid\u00bb animate_rounded_tab=\u00bbyes\u00bb css=\u00bb.vc_custom_1475595541309{padding-bottom: 6px !important;}\u00bb][vc_column][vc_column_text]<\/p>\n<p>[vc_empty_space height=\u00bb40px\u00bb][\/vc_column][\/vc_row]<\/p>\n","protected":false},"excerpt":{"rendered":"<p>[vc_row][vc_column width=\u00bb5\/6&#8243; offset=\u00bbvc_col-lg-8 vc_col-md-12 vc_col-xs-12&#8243;][\/vc_column][\/vc_row] [vc_row content_width=\u00bbgrid\u00bb animate_rounded_tab=\u00bbyes\u00bb css=\u00bb.vc_custom_1511388195070{padding-top: 103px !important;padding-bottom: 6px !important;}\u00bb][vc_column][vc_column_text] DEPARTAMENTOS [\/vc_column_text][vc_empty_space height=\u00bb19px\u00bb][vc_row_inner][vc_column_inner offset=\u00bbvc_col-lg-3 vc_col-md-3&#8243;][vc_column_text] DIRECCI\u00d3N Jordi Hern\u00e1ndez. CEO, CIO jordi@infra-mince.com [\/vc_column_text][vc_empty_space height=\u00bb40px\u00bb][\/vc_column_inner][vc_column_inner offset=\u00bbvc_col-lg-3 vc_col-md-3&#8243;][vc_column_text] DISE\u00d1O EXPERIENCIAL Eva Jim\u00e9nez eva@infra-mince.om [\/vc_column_text][vc_empty_space height=\u00bb40px\u00bb][\/vc_column_inner][vc_column_inner offset=\u00bbvc_col-lg-3 vc_col-md-3&#8243;][vc_column_text] COMUNICACI\u00d3N Sara J. [&hellip;]<\/p>\n","protected":false},"author":1,"featured_media":0,"parent":5118,"menu_order":3,"comment_status":"closed","ping_status":"closed","template":"","meta":{"footnotes":""},"class_list":["post-5180","page","type-page","status-publish","hentry"],"_links":{"self":[{"href":"http:\/\/infra-mince.com\/es\/wp-json\/wp\/v2\/pages\/5180","targetHints":{"allow":["GET"]}}],"collection":[{"href":"http:\/\/infra-mince.com\/es\/wp-json\/wp\/v2\/pages"}],"about":[{"href":"http:\/\/infra-mince.com\/es\/wp-json\/wp\/v2\/types\/page"}],"author":[{"embeddable":true,"href":"http:\/\/infra-mince.com\/es\/wp-json\/wp\/v2\/users\/1"}],"replies":[{"embeddable":true,"href":"http:\/\/infra-mince.com\/es\/wp-json\/wp\/v2\/comments?post=5180"}],"version-history":[{"count":30,"href":"http:\/\/infra-mince.com\/es\/wp-json\/wp\/v2\/pages\/5180\/revisions"}],"predecessor-version":[{"id":6329,"href":"http:\/\/infra-mince.com\/es\/wp-json\/wp\/v2\/pages\/5180\/revisions\/6329"}],"up":[{"embeddable":true,"href":"http:\/\/infra-mince.com\/es\/wp-json\/wp\/v2\/pages\/5118"}],"wp:attachment":[{"href":"http:\/\/infra-mince.com\/es\/wp-json\/wp\/v2\/media?parent=5180"}],"curies":[{"name":"wp","href":"https:\/\/api.w.org\/{rel}","templated":true}]}}