{"id":5877,"date":"2020-04-25T15:57:24","date_gmt":"2020-04-25T13:57:24","guid":{"rendered":"http:\/\/infra-mince.com\/es\/?page_id=5877"},"modified":"2026-03-16T00:36:33","modified_gmt":"2026-03-15T22:36:33","slug":"como","status":"publish","type":"page","link":"http:\/\/infra-mince.com\/en\/infra-mince-home-2\/como\/","title":{"rendered":"CONCEPTOS"},"content":{"rendered":"\n<p>\u00a0<\/p>\n\n<p>[vc_row row_content_width=&#8221;grid&#8221; content_width=&#8221;grid&#8221; animate_rounded_tab=&#8221;yes&#8221; css=&#8221;.vc_custom_1511434446556{padding-top: 30px !important;padding-bottom: 24px !important;}&#8221;][vc_column]<div class=\"edgtf-tabs  edgtf-tabs-simple\">\n\t<ul class=\"edgtf-tabs-nav clearfix\">\n\t\t\t<\/ul>\n\t<\/p>\n<p><b>El Problema<\/b><\/p>\n<p>Los proyectos arquitect\u00f3nicos de alta complejidad suelen enfrentarse a tres fricciones: normativa, complejidad geom\u00e9trica y procesos de producci\u00f3n industrial. En esta transici\u00f3n entre dise\u00f1o y ejecuci\u00f3n t\u00e9cnica es donde muchas ideas se diluyen o encarecen.<\/p>\n<p><strong>Propuesta de Valor<\/strong><\/p>\n<p>Nuestro trabajo consiste en asegurar que el proyecto construido sea fiel al dise\u00f1o original, actuamos como el puente t\u00e9cnico entre el dise\u00f1o de autor y la obra construida. Traducimos geometr\u00edas complejas a modelos param\u00e9tricos de alta precisi\u00f3n, listos para fabricaci\u00f3n digital y control de obra.<\/p>\n<p><strong>Modelo de Alianza<\/strong><\/p>\n<p>Con m\u00e1s de 25 a\u00f1os de recorrido empresarial y direcci\u00f3n de equipos, ofrecemos un modelo B2B \u00e1gil. Planteamos colaboraci\u00f3n con despachos de arquitectura para asumir fases cr\u00edticas de desarrollo t\u00e9cnico sin generar estructura fija en el estudio.<\/p>\n<p>\u00a0<\/p>\n<p><strong>\u00c1REAS DE INTERVENCI\u00d3N<\/strong><\/p>\n<p>\u00b7 <strong>Racionalizaci\u00f3n Param\u00e9trica y Fabricaci\u00f3n (CAD-CAM):<\/strong> Transformaci\u00f3n de geometr\u00edas complejas en despieces construibles mediante dise\u00f1o algor\u00edtmico, conectando el modelo directamente con la producci\u00f3n por control num\u00e9rico de los industriales.<\/p>\n<p>\u00b7 <strong>Gesti\u00f3n Avanzada de Preexistencias (HBIM):<\/strong> Para intervenciones cr\u00edticas en el paisaje o el patrimonio. Levantamiento mediante esc\u00e1ner l\u00e1ser, nubes de puntos y modelado BIM de extrema precisi\u00f3n (Experiencia en entornos de alto valor hist\u00f3rico como la Cloaca Massima de Roma o la Catedral de Santo Domingo de la Calzada ).<\/p>\n<p>\u00b7 <strong>Auditor\u00eda y Blindaje As-Built:<\/strong> Control exhaustivo del modelo de informaci\u00f3n del edificio (BIM) , garantizando la coherencia entre el c\u00e1lculo, las mediciones y la ejecuci\u00f3n final para evitar desviaciones en obra.<\/p>\n<p>\u00a0<\/p>\n<p><\/div>[vc_empty_space height=&#8221;30px&#8221;][\/vc_column][\/vc_row]<\/p>\n<ul>[vc_row][vc_column]<div class=\"edgtf-accordion-holder edgtf-ac-default  edgtf-accordion edgtf-in-grid  clearfix\">\n\t <h4 class=\"edgtf-accordion-title\">\n\t<span class=\"edgtf-accordion-width\">\n\t\t<span class=\"edgtf-tab-title\">METODOLOG\u00cdA BIM<\/span>\n\t\t<span class=\"edgtf-accordion-mark\">\n\t\t\t<span class=\"edgtf_icon_plus lnr lnr-cross\"><\/span>\n\t\t<\/span>\n\t<\/span>\n<\/h4>\n<div class=\"edgtf-accordion-content\">\n\t<div class=\"edgtf-accordion-content-inner\">\n\t\t<div class=\"edgtf-accordion-width\">\n\t\t\t<div class=\"edgtf-elements-holder   edgtf-two-columns  edgtf-responsive-mode-768 \" ><div class=\"edgtf-eh-item    \"  data-item-class=\"edgtf-eh-custom-6014\">\n\t<div class=\"edgtf-eh-item-inner\">\n\t\t<div class=\"edgtf-eh-item-content edgtf-eh-custom-6014\" style=\"padding: 0% 15% 0% 0%\">\n\t\t\t<div class=\"edgtf-single-image-holder   edgtf-image-behavior-custom-link\">\n    <div class=\"edgtf-si-inner\" >\n                                    <img fetchpriority=\"high\" decoding=\"async\" width=\"1200\" height=\"720\" src=\"http:\/\/infra-mince.com\/wp-content\/uploads\/2020\/04\/Vista-1-C.png\" class=\"attachment-full size-full\" alt=\"\" srcset=\"http:\/\/infra-mince.com\/wp-content\/uploads\/2020\/04\/Vista-1-C.png 1200w, http:\/\/infra-mince.com\/wp-content\/uploads\/2020\/04\/Vista-1-C-300x180.png 300w, http:\/\/infra-mince.com\/wp-content\/uploads\/2020\/04\/Vista-1-C-1024x614.png 1024w, http:\/\/infra-mince.com\/wp-content\/uploads\/2020\/04\/Vista-1-C-768x461.png 768w\" sizes=\"(max-width: 1200px) 100vw, 1200px\" \/>                                <\/a>\n            <\/div>\n<\/div>\t\t<\/div>\n\t<\/div>\n<\/div><div class=\"edgtf-eh-item    \"  data-item-class=\"edgtf-eh-custom-4936\" data-768-1024=\"0 7% 0 7%\" data-680-768=\"65px 5% 0 0%\" data-680=\"66px 5% 0 0%\">\n\t<div class=\"edgtf-eh-item-inner\">\n\t\t<div class=\"edgtf-eh-item-content edgtf-eh-custom-4936\" style=\"padding: 0 14% 0 7%\">\n\t\t\t<div class=\"edgtf-section-title-holder  edgtf-st-standard  edgtf-st-position-left edgtf-appear-fx\" >\n\t\t<div class=\"edgtf-st-inner\">\n        \t\t\t<\/div>\n    <\/div>[vc_empty_space height=&#8221;10px&#8221;][vc_column_text] El ciclo de vida de un proyecto BIM comienza en la idea y acaba en el derribo, y a ser posible, reciclaje. infra-mince desarrolla las 7 fases en que se divide dicho ciclo: la idea (1D), el boceto (2D), el modelo de informaci\u00f3n del edificio (3D), el tiempo (4D), el coste (5D), la sostenibilidad (6D) y finalmente el \u00abmanual de instrucciones\u00bb (7D, una vez constru\u00eddo el edificio, para el uso y mantenimiento del mismo). [\/vc_column_text]\t\t<\/div>\n\t<\/div>\n<\/div><\/div>\t\t<\/div>\n\t<\/div>\n<\/div> <h4 class=\"edgtf-accordion-title\">\n\t<span class=\"edgtf-accordion-width\">\n\t\t<span class=\"edgtf-tab-title\">ARQUITECTURA GENERATIVA<\/span>\n\t\t<span class=\"edgtf-accordion-mark\">\n\t\t\t<span class=\"edgtf_icon_plus lnr lnr-cross\"><\/span>\n\t\t<\/span>\n\t<\/span>\n<\/h4>\n<div class=\"edgtf-accordion-content\">\n\t<div class=\"edgtf-accordion-content-inner\">\n\t\t<div class=\"edgtf-accordion-width\">\n\t\t\t<div class=\"edgtf-elements-holder   edgtf-two-columns  edgtf-responsive-mode-768 \" ><div class=\"edgtf-eh-item    \"  data-item-class=\"edgtf-eh-custom-6452\">\n\t<div class=\"edgtf-eh-item-inner\">\n\t\t<div class=\"edgtf-eh-item-content edgtf-eh-custom-6452\" style=\"padding: 0% 15% 0% 0%\">\n\t\t\t<div class=\"edgtf-single-image-holder   edgtf-image-behavior-custom-link\">\n    <div class=\"edgtf-si-inner\" >\n                                    <img decoding=\"async\" width=\"2508\" height=\"2508\" src=\"http:\/\/infra-mince.com\/wp-content\/uploads\/2018\/08\/home_a2.jpg\" class=\"attachment-full size-full\" alt=\"\" srcset=\"http:\/\/infra-mince.com\/wp-content\/uploads\/2018\/08\/home_a2.jpg 2508w, http:\/\/infra-mince.com\/wp-content\/uploads\/2018\/08\/home_a2-150x150.jpg 150w, http:\/\/infra-mince.com\/wp-content\/uploads\/2018\/08\/home_a2-300x300.jpg 300w, http:\/\/infra-mince.com\/wp-content\/uploads\/2018\/08\/home_a2-768x768.jpg 768w, http:\/\/infra-mince.com\/wp-content\/uploads\/2018\/08\/home_a2-1024x1024.jpg 1024w, http:\/\/infra-mince.com\/wp-content\/uploads\/2018\/08\/home_a2-550x550.jpg 550w, http:\/\/infra-mince.com\/wp-content\/uploads\/2018\/08\/home_a2-1100x1100.jpg 1100w\" sizes=\"(max-width: 2508px) 100vw, 2508px\" \/>                                <\/a>\n            <\/div>\n<\/div>\t\t<\/div>\n\t<\/div>\n<\/div><div class=\"edgtf-eh-item    \"  data-item-class=\"edgtf-eh-custom-5445\" data-768-1024=\"0 7% 0 7%\" data-680-768=\"65px 5% 0 0%\" data-680=\"66px 5% 0 0%\">\n\t<div class=\"edgtf-eh-item-inner\">\n\t\t<div class=\"edgtf-eh-item-content edgtf-eh-custom-5445\" style=\"padding: 0 14% 0 7%\">\n\t\t\t<div class=\"edgtf-section-title-holder  edgtf-st-standard  edgtf-st-position-left edgtf-appear-fx\" >\n\t\t<div class=\"edgtf-st-inner\">\n        \t\t            <div class=\"edgtf-st-text-holder\">\n    \t\t\t<h6 class=\"edgtf-st-text\" style=\"color: #202020\">\n    \t\t\t\tDise\u00f1o de elementos arquitect\u00f3nicos mediante sistemas generativos    \t\t\t<\/h6>\n            <\/div>\n\t\t\t<\/div>\n    <\/div>[vc_empty_space height=&#8221;10px&#8221;][vc_column_text] [\/vc_column_text]\t\t<\/div>\n\t<\/div>\n<\/div><\/div>\t\t<\/div>\n\t<\/div>\n<\/div> <h4 class=\"edgtf-accordion-title\">\n\t<span class=\"edgtf-accordion-width\">\n\t\t<span class=\"edgtf-tab-title\">VIRTUALIZACI\u00d3N Y PARAMETRIZACI\u00d3N<\/span>\n\t\t<span class=\"edgtf-accordion-mark\">\n\t\t\t<span class=\"edgtf_icon_plus lnr lnr-cross\"><\/span>\n\t\t<\/span>\n\t<\/span>\n<\/h4>\n<div class=\"edgtf-accordion-content\">\n\t<div class=\"edgtf-accordion-content-inner\">\n\t\t<div class=\"edgtf-accordion-width\">\n\t\t\t<div class=\"edgtf-elements-holder   edgtf-two-columns  edgtf-responsive-mode-768 \" ><div class=\"edgtf-eh-item    \"  data-item-class=\"edgtf-eh-custom-9101\">\n\t<div class=\"edgtf-eh-item-inner\">\n\t\t<div class=\"edgtf-eh-item-content edgtf-eh-custom-9101\" style=\"padding: 0% 15% 0% 0%\">\n\t\t\t<div class=\"edgtf-single-image-holder   edgtf-image-behavior-custom-link\">\n    <div class=\"edgtf-si-inner\" >\n                                    <img decoding=\"async\" width=\"1547\" height=\"870\" src=\"http:\/\/infra-mince.com\/wp-content\/uploads\/2020\/04\/SM_Indissoluble_faro_04.jpg\" class=\"attachment-full size-full\" alt=\"\" srcset=\"http:\/\/infra-mince.com\/wp-content\/uploads\/2020\/04\/SM_Indissoluble_faro_04.jpg 1547w, http:\/\/infra-mince.com\/wp-content\/uploads\/2020\/04\/SM_Indissoluble_faro_04-300x169.jpg 300w, http:\/\/infra-mince.com\/wp-content\/uploads\/2020\/04\/SM_Indissoluble_faro_04-1024x576.jpg 1024w, http:\/\/infra-mince.com\/wp-content\/uploads\/2020\/04\/SM_Indissoluble_faro_04-768x432.jpg 768w, http:\/\/infra-mince.com\/wp-content\/uploads\/2020\/04\/SM_Indissoluble_faro_04-1536x864.jpg 1536w\" sizes=\"(max-width: 1547px) 100vw, 1547px\" \/>                                <\/a>\n            <\/div>\n<\/div>\t\t<\/div>\n\t<\/div>\n<\/div><div class=\"edgtf-eh-item    \"  data-item-class=\"edgtf-eh-custom-9273\" data-768-1024=\"0 7% 0 7%\" data-680-768=\"65px 5% 0 0%\" data-680=\"66px 5% 0 0%\">\n\t<div class=\"edgtf-eh-item-inner\">\n\t\t<div class=\"edgtf-eh-item-content edgtf-eh-custom-9273\" style=\"padding: 0 14% 0 7%\">\n\t\t\t<div class=\"edgtf-section-title-holder  edgtf-st-standard  edgtf-st-position-left edgtf-appear-fx\" >\n\t\t<div class=\"edgtf-st-inner\">\n        \t\t            <div class=\"edgtf-st-text-holder\">\n    \t\t\t<h6 class=\"edgtf-st-text\" style=\"color: #202020\">\n    \t\t\t\tEscaneo, modelato 3D y parametrizaci\u00f3n de edificios existentes    \t\t\t<\/h6>\n            <\/div>\n\t\t\t<\/div>\n    <\/div>[vc_empty_space height=&#8221;10px&#8221;][vc_column_text] [\/vc_column_text]\t\t<\/div>\n\t<\/div>\n<\/div><\/div>\t\t<\/div>\n\t<\/div>\n<\/div> <h4 class=\"edgtf-accordion-title\">\n\t<span class=\"edgtf-accordion-width\">\n\t\t<span class=\"edgtf-tab-title\">EFICIENCIA ENERG\u00c9TICA<\/span>\n\t\t<span class=\"edgtf-accordion-mark\">\n\t\t\t<span class=\"edgtf_icon_plus lnr lnr-cross\"><\/span>\n\t\t<\/span>\n\t<\/span>\n<\/h4>\n<div class=\"edgtf-accordion-content\">\n\t<div class=\"edgtf-accordion-content-inner\">\n\t\t<div class=\"edgtf-accordion-width\">\n\t\t\t<div class=\"edgtf-elements-holder   edgtf-two-columns  edgtf-responsive-mode-768 \" ><div class=\"edgtf-eh-item    \"  data-item-class=\"edgtf-eh-custom-5997\">\n\t<div class=\"edgtf-eh-item-inner\">\n\t\t<div class=\"edgtf-eh-item-content edgtf-eh-custom-5997\" style=\"padding: 0% 15% 0% 0%\">\n\t\t\t<div class=\"edgtf-single-image-holder   edgtf-image-behavior-custom-link\">\n    <div class=\"edgtf-si-inner\" >\n                                    <img loading=\"lazy\" decoding=\"async\" width=\"808\" height=\"720\" src=\"http:\/\/infra-mince.com\/wp-content\/uploads\/2020\/04\/ladybug.png\" class=\"attachment-full size-full\" alt=\"\" srcset=\"http:\/\/infra-mince.com\/wp-content\/uploads\/2020\/04\/ladybug.png 808w, http:\/\/infra-mince.com\/wp-content\/uploads\/2020\/04\/ladybug-300x267.png 300w, http:\/\/infra-mince.com\/wp-content\/uploads\/2020\/04\/ladybug-768x684.png 768w\" sizes=\"(max-width: 808px) 100vw, 808px\" \/>                                <\/a>\n            <\/div>\n<\/div>\t\t<\/div>\n\t<\/div>\n<\/div><div class=\"edgtf-eh-item    \"  data-item-class=\"edgtf-eh-custom-1792\" data-768-1024=\"0 7% 0 7%\" data-680-768=\"65px 5% 0 0%\" data-680=\"66px 5% 0 0%\">\n\t<div class=\"edgtf-eh-item-inner\">\n\t\t<div class=\"edgtf-eh-item-content edgtf-eh-custom-1792\" style=\"padding: 0 14% 0 7%\">\n\t\t\t<div class=\"edgtf-section-title-holder  edgtf-st-standard  edgtf-st-position-left edgtf-appear-fx\" >\n\t\t<div class=\"edgtf-st-inner\">\n        \t\t            <div class=\"edgtf-st-text-holder\">\n    \t\t\t<h6 class=\"edgtf-st-text\" style=\"color: #202020\">\n    \t\t\t\tEstudios de eficiencia energ\u00e9tica a partir de los modelos param\u00e9tricos.    \t\t\t<\/h6>\n            <\/div>\n\t\t\t<\/div>\n    <\/div>[vc_empty_space height=&#8221;10px&#8221;][vc_column_text] Optimizaci\u00f3n del dise\u00f1o y de la orientaci\u00f3n; estudios de asoleo; etc [\/vc_column_text]\t\t<\/div>\n\t<\/div>\n<\/div><\/div>\t\t<\/div>\n\t<\/div>\n<\/div> <h4 class=\"edgtf-accordion-title\">\n\t<span class=\"edgtf-accordion-width\">\n\t\t<span class=\"edgtf-tab-title\">OPTIMIZACI\u00d3N ESTRUCTURAL<\/span>\n\t\t<span class=\"edgtf-accordion-mark\">\n\t\t\t<span class=\"edgtf_icon_plus lnr lnr-cross\"><\/span>\n\t\t<\/span>\n\t<\/span>\n<\/h4>\n<div class=\"edgtf-accordion-content\">\n\t<div class=\"edgtf-accordion-content-inner\">\n\t\t<div class=\"edgtf-accordion-width\">\n\t\t\t<div class=\"edgtf-elements-holder   edgtf-two-columns  edgtf-responsive-mode-768 \" ><div class=\"edgtf-eh-item    \"  data-item-class=\"edgtf-eh-custom-5569\">\n\t<div class=\"edgtf-eh-item-inner\">\n\t\t<div class=\"edgtf-eh-item-content edgtf-eh-custom-5569\" style=\"padding: 0% 15% 0% 0%\">\n\t\t\t<div class=\"edgtf-single-image-holder   edgtf-image-behavior-custom-link\">\n    <div class=\"edgtf-si-inner\" >\n                                    <img loading=\"lazy\" decoding=\"async\" width=\"1231\" height=\"881\" src=\"http:\/\/infra-mince.com\/wp-content\/uploads\/2020\/04\/karamba.png\" class=\"attachment-full size-full\" alt=\"\" srcset=\"http:\/\/infra-mince.com\/wp-content\/uploads\/2020\/04\/karamba.png 1231w, http:\/\/infra-mince.com\/wp-content\/uploads\/2020\/04\/karamba-300x215.png 300w, http:\/\/infra-mince.com\/wp-content\/uploads\/2020\/04\/karamba-1024x733.png 1024w, http:\/\/infra-mince.com\/wp-content\/uploads\/2020\/04\/karamba-768x550.png 768w\" sizes=\"(max-width: 1231px) 100vw, 1231px\" \/>                                <\/a>\n            <\/div>\n<\/div>\t\t<\/div>\n\t<\/div>\n<\/div><div class=\"edgtf-eh-item    \"  data-item-class=\"edgtf-eh-custom-2430\" data-768-1024=\"0 7% 0 7%\" data-680-768=\"65px 5% 0 0%\" data-680=\"66px 5% 0 0%\">\n\t<div class=\"edgtf-eh-item-inner\">\n\t\t<div class=\"edgtf-eh-item-content edgtf-eh-custom-2430\" style=\"padding: 0 14% 0 7%\">\n\t\t\t<div class=\"edgtf-section-title-holder  edgtf-st-standard  edgtf-st-position-left edgtf-appear-fx\" >\n\t\t<div class=\"edgtf-st-inner\">\n        \t\t            <div class=\"edgtf-st-text-holder\">\n    \t\t\t<h6 class=\"edgtf-st-text\" style=\"color: #202020\">\n    \t\t\t\tEstudios de optimizaci\u00f3n del dise\u00f1o estructural a partir de los modelos param\u00e9tricos.    \t\t\t<\/h6>\n            <\/div>\n\t\t\t<\/div>\n    <\/div>[vc_empty_space height=&#8221;10px&#8221;][vc_column_text] [\/vc_column_text]\t\t<\/div>\n\t<\/div>\n<\/div><\/div>\t\t<\/div>\n\t<\/div>\n<\/div> <h4 class=\"edgtf-accordion-title\">\n\t<span class=\"edgtf-accordion-width\">\n\t\t<span class=\"edgtf-tab-title\">ARQUITECTURA SALUDABLE<\/span>\n\t\t<span class=\"edgtf-accordion-mark\">\n\t\t\t<span class=\"edgtf_icon_plus lnr lnr-cross\"><\/span>\n\t\t<\/span>\n\t<\/span>\n<\/h4>\n<div class=\"edgtf-accordion-content\">\n\t<div class=\"edgtf-accordion-content-inner\">\n\t\t<div class=\"edgtf-accordion-width\">\n\t\t\t<div class=\"edgtf-elements-holder   edgtf-two-columns  edgtf-responsive-mode-768 \" ><div class=\"edgtf-eh-item    \"  data-item-class=\"edgtf-eh-custom-8538\">\n\t<div class=\"edgtf-eh-item-inner\">\n\t\t<div class=\"edgtf-eh-item-content edgtf-eh-custom-8538\" style=\"padding: 0% 15% 0% 0%\">\n\t\t\t<div class=\"edgtf-single-image-holder   edgtf-image-behavior-custom-link\">\n    <div class=\"edgtf-si-inner\" >\n                                    <img loading=\"lazy\" decoding=\"async\" width=\"485\" height=\"329\" src=\"http:\/\/infra-mince.com\/wp-content\/uploads\/2020\/04\/materiales-transformados-construccion-edificios.jpg\" class=\"attachment-full size-full\" alt=\"\" srcset=\"http:\/\/infra-mince.com\/wp-content\/uploads\/2020\/04\/materiales-transformados-construccion-edificios.jpg 485w, http:\/\/infra-mince.com\/wp-content\/uploads\/2020\/04\/materiales-transformados-construccion-edificios-300x204.jpg 300w\" sizes=\"(max-width: 485px) 100vw, 485px\" \/>                                <\/a>\n            <\/div>\n<\/div>\t\t<\/div>\n\t<\/div>\n<\/div><div class=\"edgtf-eh-item    \"  data-item-class=\"edgtf-eh-custom-7327\" data-768-1024=\"0 7% 0 7%\" data-680-768=\"65px 5% 0 0%\" data-680=\"66px 5% 0 0%\">\n\t<div class=\"edgtf-eh-item-inner\">\n\t\t<div class=\"edgtf-eh-item-content edgtf-eh-custom-7327\" style=\"padding: 0 14% 0 7%\">\n\t\t\t<div class=\"edgtf-section-title-holder  edgtf-st-standard  edgtf-st-position-left edgtf-appear-fx\" >\n\t\t<div class=\"edgtf-st-inner\">\n        \t\t            <div class=\"edgtf-st-text-holder\">\n    \t\t\t<h6 class=\"edgtf-st-text\" style=\"color: #202020\">\n    \t\t\t\t\u00c9nfasis en la entrada de luz natural y las ventilaciones cruzadas. Atenci\u00f3n a los condicionantes ac\u00fasticos y a la presencia de zonas exteriores privadas. Incorporaci\u00f3n de materiales saludables (producci\u00f3n sostenible; baja huella de carbono; sin disrupci\u00f3n endocrina, etc.).     \t\t\t<\/h6>\n            <\/div>\n\t\t\t<\/div>\n    <\/div>[vc_empty_space height=&#8221;10px&#8221;][vc_column_text] [\/vc_column_text]\t\t<\/div>\n\t<\/div>\n<\/div><\/div>\t\t<\/div>\n\t<\/div>\n<\/div> <\/div>[\/vc_column][\/vc_row] <\/ul>","protected":false},"excerpt":{"rendered":"<p>\u00a0 [vc_row row_content_width=&#8221;grid&#8221; content_width=&#8221;grid&#8221; animate_rounded_tab=&#8221;yes&#8221; css=&#8221;.vc_custom_1511434446556{padding-top: 30px !important;padding-bottom: 24px !important;}&#8221;][vc_column][vc_empty_space height=&#8221;30px&#8221;][\/vc_column][\/vc_row] [vc_row][vc_column][\/vc_column][\/vc_row]<\/p>\n","protected":false},"author":1,"featured_media":0,"parent":5580,"menu_order":0,"comment_status":"closed","ping_status":"closed","template":"","meta":{"footnotes":""},"class_list":["post-5877","page","type-page","status-publish","hentry"],"_links":{"self":[{"href":"http:\/\/infra-mince.com\/en\/wp-json\/wp\/v2\/pages\/5877","targetHints":{"allow":["GET"]}}],"collection":[{"href":"http:\/\/infra-mince.com\/en\/wp-json\/wp\/v2\/pages"}],"about":[{"href":"http:\/\/infra-mince.com\/en\/wp-json\/wp\/v2\/types\/page"}],"author":[{"embeddable":true,"href":"http:\/\/infra-mince.com\/en\/wp-json\/wp\/v2\/users\/1"}],"replies":[{"embeddable":true,"href":"http:\/\/infra-mince.com\/en\/wp-json\/wp\/v2\/comments?post=5877"}],"version-history":[{"count":35,"href":"http:\/\/infra-mince.com\/en\/wp-json\/wp\/v2\/pages\/5877\/revisions"}],"predecessor-version":[{"id":6436,"href":"http:\/\/infra-mince.com\/en\/wp-json\/wp\/v2\/pages\/5877\/revisions\/6436"}],"up":[{"embeddable":true,"href":"http:\/\/infra-mince.com\/en\/wp-json\/wp\/v2\/pages\/5580"}],"wp:attachment":[{"href":"http:\/\/infra-mince.com\/en\/wp-json\/wp\/v2\/media?parent=5877"}],"curies":[{"name":"wp","href":"https:\/\/api.w.org\/{rel}","templated":true}]}}