{"id":5118,"date":"2018-09-24T00:12:25","date_gmt":"2018-09-23T22:12:25","guid":{"rendered":"http:\/\/infra-mince.com\/wp-arch\/es\/?page_id=5118"},"modified":"2024-10-02T23:34:55","modified_gmt":"2024-10-02T21:34:55","slug":"quien","status":"publish","type":"page","link":"http:\/\/infra-mince.com\/en\/infra-mince-home-2\/quien\/","title":{"rendered":"QUI\u00c9N"},"content":{"rendered":"\n<p><\/p>\n\n\n\n[vc_row][vc_column width=&#8221;5\/6&#8243; offset=&#8221;vc_col-lg-8 vc_col-md-12 vc_col-xs-12&#8243;]<div class=\"edgtf-elements-holder   edgtf-one-column  edgtf-responsive-mode-768 \" ><div class=\"edgtf-eh-item    \"  data-item-class=\"edgtf-eh-custom-5529\">\n\t<div class=\"edgtf-eh-item-inner\">\n\t\t<div class=\"edgtf-eh-item-content edgtf-eh-custom-5529\" style=\"padding: 10% 15% 10% 15%\">\n\t\t\t[vc_column_text]\n\n <b>Jordi Hern\u00e1ndez<\/b>, Arquitecto por la ETSAB&nbsp;(UPC)&nbsp;y&nbsp;M\u00e1ster en BIM y Dise\u00f1o Integrado por la&nbsp;Universitat de Barcelona UB.<br><br> \n\n <b>INFRA-mINce<\/b> es un estudio de arquitectura que, mediante el uso de la metodolog\u00eda BIM y el dise\u00f1o param\u00e9trico, se orienta a optimizar los proceso de dise\u00f1o, construcci\u00f3n, eficiencia energ\u00e9tica y gesti\u00f3n econ\u00f3mica de las obras. Dise\u00f1a y produce dise\u00f1os propios y mantiene una estrecha din\u00e1mica de colaboraci\u00f3n con otros estudios especializados.<br><br>\n\nCofundador de <b>Indissoluble: The Exhibition Factory<\/b>, trabajando desde 1997 hasta 2017 en la realizaci\u00f3n de instalaciones ef\u00edmeras y espacios expositivos, desarrollando y aplicando siempre los m\u00e1s recientes sistemas de percepci\u00f3n y relaci\u00f3n del espectador con el entorno: interactividad, multimedia, iluminaci\u00f3n, video-mapping, realidad virtual y aumentada.<br> <br>\n\nProfesor de Proyectos de Espacios Interactivos en la&nbsp;<b>Escola&nbsp;edRa<\/b> de Barcelona, en la unidad formativa Simulaci\u00f3n de Procesos BIM, aplicando esta metodolog\u00eda en el desarrollo de proyectos transversales de arquitectura y dise\u00f1o de interiores. Tambi\u00e9n incorporando el dise\u00f1o param\u00e9trico y generativo, mediante programaci\u00f3n visual en todo tipo de desarrollos.<br><br>\n\nMiembro del&nbsp;<b>BuildingSMART Spanish Chapter<\/b>, asociaci\u00f3n con el objetivo de promover la eficiencia en la construcci\u00f3n a trav\u00e9s del uso de est\u00e1ndares abiertos BIM y miembro de&nbsp;<b>AUS-Arquitectura i Sostenibilitat<\/b>.<br><br> \n\nConferenciante y profesor invitado en diversas escuelas de dise\u00f1o y arquitectura, como la <b>ETSAM<\/b> en Madrid, <b>UIC<\/b>, <b>IED<\/b>, <b>Elisava<\/b> y <b>ESDAP-Llotja<\/b>&nbsp;en Barcelona.\n\n\n[\/vc_column_text]\t\t<\/div>\n\t<\/div>\n<\/div><\/div>[\/vc_column][\/vc_row]\n\n[vc_row content_width=&#8221;grid&#8221; animate_rounded_tab=&#8221;yes&#8221; css=&#8221;.vc_custom_1511388195070{padding-top: 103px !important;padding-bottom: 6px !important;}&#8221;][vc_column][vc_column_text]\n\n\n\n<p><\/p>\n","protected":false},"excerpt":{"rendered":"<p>[vc_row][vc_column width=&#8221;5\/6&#8243; offset=&#8221;vc_col-lg-8 vc_col-md-12 vc_col-xs-12&#8243;][\/vc_column][\/vc_row] [vc_row content_width=&#8221;grid&#8221; animate_rounded_tab=&#8221;yes&#8221; css=&#8221;.vc_custom_1511388195070{padding-top: 103px !important;padding-bottom: 6px !important;}&#8221;][vc_column][vc_column_text]<\/p>\n","protected":false},"author":1,"featured_media":0,"parent":5580,"menu_order":0,"comment_status":"closed","ping_status":"closed","template":"full-width.php","meta":{"footnotes":""},"class_list":["post-5118","page","type-page","status-publish","hentry"],"_links":{"self":[{"href":"http:\/\/infra-mince.com\/en\/wp-json\/wp\/v2\/pages\/5118","targetHints":{"allow":["GET"]}}],"collection":[{"href":"http:\/\/infra-mince.com\/en\/wp-json\/wp\/v2\/pages"}],"about":[{"href":"http:\/\/infra-mince.com\/en\/wp-json\/wp\/v2\/types\/page"}],"author":[{"embeddable":true,"href":"http:\/\/infra-mince.com\/en\/wp-json\/wp\/v2\/users\/1"}],"replies":[{"embeddable":true,"href":"http:\/\/infra-mince.com\/en\/wp-json\/wp\/v2\/comments?post=5118"}],"version-history":[{"count":44,"href":"http:\/\/infra-mince.com\/en\/wp-json\/wp\/v2\/pages\/5118\/revisions"}],"predecessor-version":[{"id":6375,"href":"http:\/\/infra-mince.com\/en\/wp-json\/wp\/v2\/pages\/5118\/revisions\/6375"}],"up":[{"embeddable":true,"href":"http:\/\/infra-mince.com\/en\/wp-json\/wp\/v2\/pages\/5580"}],"wp:attachment":[{"href":"http:\/\/infra-mince.com\/en\/wp-json\/wp\/v2\/media?parent=5118"}],"curies":[{"name":"wp","href":"https:\/\/api.w.org\/{rel}","templated":true}]}}